{"id":4494,"date":"2024-10-09T07:27:51","date_gmt":"2024-10-09T07:27:51","guid":{"rendered":"https:\/\/gipfelgold.janlucash.com\/?page_id=4494"},"modified":"2025-02-13T11:24:30","modified_gmt":"2025-02-13T11:24:30","slug":"du-hast-fragen","status":"publish","type":"page","link":"https:\/\/gipfelgold.janlucash.com\/en\/du-hast-fragen\/","title":{"rendered":"Have any questions?"},"content":{"rendered":"<div data-elementor-type=\"wp-page\" data-elementor-id=\"4494\" class=\"elementor elementor-4494\">\n\t\t\t\t<div class=\"elementor-element elementor-element-483de416 e-flex e-con-boxed e-con e-parent\" data-id=\"483de416\" data-element_type=\"container\">\n\t\t\t\t\t<div class=\"e-con-inner\">\n\t\t\t\t<div class=\"elementor-element elementor-element-18e01f2b elementor-widget elementor-widget-text-editor\" data-id=\"18e01f2b\" data-element_type=\"widget\" data-widget_type=\"text-editor.default\">\n\t\t\t\t<div class=\"elementor-widget-container\">\n\t\t\t\t\t\t\t<p><strong>QUESTIONS YOU MIGHT STILL HAVE:<\/strong><\/p><p><strong>01. What is most important to Gipfelgold at work?<\/strong><br \/>We place a strong emphasis on openness and trust. In addition, we always want to have fun doing what we do! We don\u2019t see ourselves as a service provider, but as a partner\u2014and that\u2019s how we want to be treated and compensated.<\/p><p><strong>02. Aren\u2019t you too small?<\/strong><br \/>\"Without the small, there would be no great.\" (Margaret Fuller)\nAnd if a project ever requires more power, we expand our team with capable experts and thinkers \u2013 always in a transparent and honest way. In this manner, we guarantee our clients high-quality work, regardless of the circumstances surrounding its creation.<\/p><p><strong>03. What if there\u2019s no time to talk because things need to be done quickly?<\/strong> <br \/>Then we keep it short and sweet. Get it done fast.<\/p><p><strong>04. Do you work for Assholse?<\/strong><br \/>Nope, neither with nor for them.<\/p><p><strong>05. Does Gipfelgold participate in pitches?<\/strong><br \/>Sure, we love the challenge. However, we also value our time and brainpower. That\u2019s why we don\u2019t compete with more than three agencies at the same time.<\/p><p><strong>06. Formal or informal?<\/strong><br \/>We\u2019re happy to follow our clients' lead! Whether casual, serious, polite, or raw \u2013 our team adapts to any style. What we do insist on, however, is communication that\u2019s respectful and on equal terms.<\/p><p><strong>07. Why Gipfelgold? Why not any other agency?<\/strong><br \/>We\u2019re experienced, creative, and usually in a good mood. And if we're not, well, maybe it\u2019s time for a more aggressive design approach. The agony of choice can be painful, and we\u2019re happy to take that burden off our clients.<\/p>\t\t\t\t\t\t<\/div>\n\t\t\t\t<\/div>\n\t\t\t\t\t<\/div>\n\t\t\t\t<\/div>\n\t\t\t\t<\/div>","protected":false},"excerpt":{"rendered":"<p>FRAGEN, DIE DU DIR JETZT VIELLEICHT NOCH STELLST: 01. Was ist Gipfelgold eigentlich am wichtigsten bei der Arbeit?Wir schreiben OFFENHEIT und VERTRAUEN ganz gro\u00df. Zudem wollen wir gerne immer Spa\u00df haben an dem, was wir tun! Wir verstehen uns nicht als Dienstleister, sondern als Partner &#8211; und so m\u00f6chten wir auch behandelt und entlohnt werden. [&hellip;]<\/p>","protected":false},"author":2,"featured_media":0,"parent":0,"menu_order":0,"comment_status":"closed","ping_status":"open","template":"","meta":{"ocean_post_layout":"full-screen","ocean_both_sidebars_style":"","ocean_both_sidebars_content_width":0,"ocean_both_sidebars_sidebars_width":0,"ocean_sidebar":"","ocean_second_sidebar":"","ocean_disable_margins":"enable","ocean_add_body_class":"","ocean_shortcode_before_top_bar":"","ocean_shortcode_after_top_bar":"","ocean_shortcode_before_header":"","ocean_shortcode_after_header":"","ocean_has_shortcode":"","ocean_shortcode_after_title":"","ocean_shortcode_before_footer_widgets":"","ocean_shortcode_after_footer_widgets":"","ocean_shortcode_before_footer_bottom":"","ocean_shortcode_after_footer_bottom":"","ocean_display_top_bar":"default","ocean_display_header":"default","ocean_header_style":"","ocean_center_header_left_menu":"","ocean_custom_header_template":"","ocean_custom_logo":0,"ocean_custom_retina_logo":0,"ocean_custom_logo_max_width":0,"ocean_custom_logo_tablet_max_width":0,"ocean_custom_logo_mobile_max_width":0,"ocean_custom_logo_max_height":0,"ocean_custom_logo_tablet_max_height":0,"ocean_custom_logo_mobile_max_height":0,"ocean_header_custom_menu":"","ocean_menu_typo_font_family":"","ocean_menu_typo_font_subset":"","ocean_menu_typo_font_size":0,"ocean_menu_typo_font_size_tablet":0,"ocean_menu_typo_font_size_mobile":0,"ocean_menu_typo_font_size_unit":"px","ocean_menu_typo_font_weight":"","ocean_menu_typo_font_weight_tablet":"","ocean_menu_typo_font_weight_mobile":"","ocean_menu_typo_transform":"","ocean_menu_typo_transform_tablet":"","ocean_menu_typo_transform_mobile":"","ocean_menu_typo_line_height":0,"ocean_menu_typo_line_height_tablet":0,"ocean_menu_typo_line_height_mobile":0,"ocean_menu_typo_line_height_unit":"","ocean_menu_typo_spacing":0,"ocean_menu_typo_spacing_tablet":0,"ocean_menu_typo_spacing_mobile":0,"ocean_menu_typo_spacing_unit":"","ocean_menu_link_color":"","ocean_menu_link_color_hover":"","ocean_menu_link_color_active":"","ocean_menu_link_background":"","ocean_menu_link_hover_background":"","ocean_menu_link_active_background":"","ocean_menu_social_links_bg":"","ocean_menu_social_hover_links_bg":"","ocean_menu_social_links_color":"","ocean_menu_social_hover_links_color":"","ocean_disable_title":"default","ocean_disable_heading":"default","ocean_post_title":"","ocean_post_subheading":"","ocean_post_title_style":"","ocean_post_title_background_color":"","ocean_post_title_background":0,"ocean_post_title_bg_image_position":"","ocean_post_title_bg_image_attachment":"","ocean_post_title_bg_image_repeat":"","ocean_post_title_bg_image_size":"","ocean_post_title_height":0,"ocean_post_title_bg_overlay":0.5,"ocean_post_title_bg_overlay_color":"","ocean_disable_breadcrumbs":"default","ocean_breadcrumbs_color":"","ocean_breadcrumbs_separator_color":"","ocean_breadcrumbs_links_color":"","ocean_breadcrumbs_links_hover_color":"","ocean_display_footer_widgets":"default","ocean_display_footer_bottom":"default","ocean_custom_footer_template":"","footnotes":""},"class_list":["post-4494","page","type-page","status-publish","hentry","entry","owp-thumbs-layout-horizontal","owp-btn-normal","owp-tabs-layout-horizontal","has-no-thumbnails"],"yoast_head":"<!-- This site is optimized with the Yoast SEO plugin v24.4 - https:\/\/yoast.com\/wordpress\/plugins\/seo\/ -->\n<title>Du hast Fragen? - Gipfelgold<\/title>\n<meta name=\"description\" content=\"Wer nicht fragt, ist dumm \u2013 deshalb: wenn Du Fragen hast, dann schreib uns doch eine Email oder ruf uns in Bonn an.\" \/>\n<meta name=\"robots\" content=\"index, follow, max-snippet:-1, max-image-preview:large, max-video-preview:-1\" \/>\n<link rel=\"canonical\" href=\"https:\/\/gipfelgold.janlucash.com\/en\/du-hast-fragen\/\" \/>\n<meta property=\"og:locale\" content=\"en_GB\" \/>\n<meta property=\"og:type\" content=\"article\" \/>\n<meta property=\"og:title\" content=\"Du hast Fragen? - Gipfelgold\" \/>\n<meta property=\"og:description\" content=\"Wer nicht fragt, ist dumm \u2013 deshalb: wenn Du Fragen hast, dann schreib uns doch eine Email oder ruf uns in Bonn an.\" \/>\n<meta property=\"og:url\" content=\"https:\/\/gipfelgold.janlucash.com\/en\/du-hast-fragen\/\" \/>\n<meta property=\"og:site_name\" content=\"Gipfelgold\" \/>\n<meta property=\"article:modified_time\" content=\"2025-02-13T11:24:30+00:00\" \/>\n<meta name=\"twitter:card\" content=\"summary_large_image\" \/>\n<meta name=\"twitter:label1\" content=\"Estimated reading time\" \/>\n\t<meta name=\"twitter:data1\" content=\"2 minutes\" \/>\n<script type=\"application\/ld+json\" class=\"yoast-schema-graph\">{\"@context\":\"https:\/\/schema.org\",\"@graph\":[{\"@type\":\"WebPage\",\"@id\":\"https:\/\/gipfelgold.janlucash.com\/du-hast-fragen\/\",\"url\":\"https:\/\/gipfelgold.janlucash.com\/du-hast-fragen\/\",\"name\":\"Du hast Fragen? - Gipfelgold\",\"isPartOf\":{\"@id\":\"https:\/\/gipfelgold.janlucash.com\/#website\"},\"datePublished\":\"2024-10-09T07:27:51+00:00\",\"dateModified\":\"2025-02-13T11:24:30+00:00\",\"description\":\"Wer nicht fragt, ist dumm \u2013 deshalb: wenn Du Fragen hast, dann schreib uns doch eine Email oder ruf uns in Bonn an.\",\"breadcrumb\":{\"@id\":\"https:\/\/gipfelgold.janlucash.com\/du-hast-fragen\/#breadcrumb\"},\"inLanguage\":\"en-GB\",\"potentialAction\":[{\"@type\":\"ReadAction\",\"target\":[\"https:\/\/gipfelgold.janlucash.com\/du-hast-fragen\/\"]}]},{\"@type\":\"BreadcrumbList\",\"@id\":\"https:\/\/gipfelgold.janlucash.com\/du-hast-fragen\/#breadcrumb\",\"itemListElement\":[{\"@type\":\"ListItem\",\"position\":1,\"name\":\"Startseite\",\"item\":\"https:\/\/gipfelgold.janlucash.com\/\"},{\"@type\":\"ListItem\",\"position\":2,\"name\":\"Du hast Fragen?\"}]},{\"@type\":\"WebSite\",\"@id\":\"https:\/\/gipfelgold.janlucash.com\/#website\",\"url\":\"https:\/\/gipfelgold.janlucash.com\/\",\"name\":\"Gipfelgold\",\"description\":\"Design- und Markenagentur - Gipfelgold Branding und Kreation in Bonn\",\"publisher\":{\"@id\":\"https:\/\/gipfelgold.janlucash.com\/#organization\"},\"potentialAction\":[{\"@type\":\"SearchAction\",\"target\":{\"@type\":\"EntryPoint\",\"urlTemplate\":\"https:\/\/gipfelgold.janlucash.com\/?s={search_term_string}\"},\"query-input\":{\"@type\":\"PropertyValueSpecification\",\"valueRequired\":true,\"valueName\":\"search_term_string\"}}],\"inLanguage\":\"en-GB\"},{\"@type\":\"Organization\",\"@id\":\"https:\/\/gipfelgold.janlucash.com\/#organization\",\"name\":\"Gipfelgold\",\"url\":\"https:\/\/gipfelgold.janlucash.com\/\",\"logo\":{\"@type\":\"ImageObject\",\"inLanguage\":\"en-GB\",\"@id\":\"https:\/\/gipfelgold.janlucash.com\/#\/schema\/logo\/image\/\",\"url\":\"https:\/\/gipfelgold.janlucash.com\/wp-content\/uploads\/2024\/06\/logo-gipfelgold-header.png\",\"contentUrl\":\"https:\/\/gipfelgold.janlucash.com\/wp-content\/uploads\/2024\/06\/logo-gipfelgold-header.png\",\"width\":1080,\"height\":1080,\"caption\":\"Gipfelgold\"},\"image\":{\"@id\":\"https:\/\/gipfelgold.janlucash.com\/#\/schema\/logo\/image\/\"}}]}<\/script>\n<!-- \/ Yoast SEO plugin. -->","yoast_head_json":{"title":"Du hast Fragen? - Gipfelgold","description":"Wer nicht fragt, ist dumm \u2013 deshalb: wenn Du Fragen hast, dann schreib uns doch eine Email oder ruf uns in Bonn an.","robots":{"index":"index","follow":"follow","max-snippet":"max-snippet:-1","max-image-preview":"max-image-preview:large","max-video-preview":"max-video-preview:-1"},"canonical":"https:\/\/gipfelgold.janlucash.com\/en\/du-hast-fragen\/","og_locale":"en_GB","og_type":"article","og_title":"Du hast Fragen? - Gipfelgold","og_description":"Wer nicht fragt, ist dumm \u2013 deshalb: wenn Du Fragen hast, dann schreib uns doch eine Email oder ruf uns in Bonn an.","og_url":"https:\/\/gipfelgold.janlucash.com\/en\/du-hast-fragen\/","og_site_name":"Gipfelgold","article_modified_time":"2025-02-13T11:24:30+00:00","twitter_card":"summary_large_image","twitter_misc":{"Estimated reading time":"2 minutes"},"schema":{"@context":"https:\/\/schema.org","@graph":[{"@type":"WebPage","@id":"https:\/\/gipfelgold.janlucash.com\/du-hast-fragen\/","url":"https:\/\/gipfelgold.janlucash.com\/du-hast-fragen\/","name":"Du hast Fragen? - Gipfelgold","isPartOf":{"@id":"https:\/\/gipfelgold.janlucash.com\/#website"},"datePublished":"2024-10-09T07:27:51+00:00","dateModified":"2025-02-13T11:24:30+00:00","description":"Wer nicht fragt, ist dumm \u2013 deshalb: wenn Du Fragen hast, dann schreib uns doch eine Email oder ruf uns in Bonn an.","breadcrumb":{"@id":"https:\/\/gipfelgold.janlucash.com\/du-hast-fragen\/#breadcrumb"},"inLanguage":"en-GB","potentialAction":[{"@type":"ReadAction","target":["https:\/\/gipfelgold.janlucash.com\/du-hast-fragen\/"]}]},{"@type":"BreadcrumbList","@id":"https:\/\/gipfelgold.janlucash.com\/du-hast-fragen\/#breadcrumb","itemListElement":[{"@type":"ListItem","position":1,"name":"Startseite","item":"https:\/\/gipfelgold.janlucash.com\/"},{"@type":"ListItem","position":2,"name":"Du hast Fragen?"}]},{"@type":"WebSite","@id":"https:\/\/gipfelgold.janlucash.com\/#website","url":"https:\/\/gipfelgold.janlucash.com\/","name":"Gipfelgold","description":"Design- und Markenagentur - Gipfelgold Branding und Kreation in Bonn","publisher":{"@id":"https:\/\/gipfelgold.janlucash.com\/#organization"},"potentialAction":[{"@type":"SearchAction","target":{"@type":"EntryPoint","urlTemplate":"https:\/\/gipfelgold.janlucash.com\/?s={search_term_string}"},"query-input":{"@type":"PropertyValueSpecification","valueRequired":true,"valueName":"search_term_string"}}],"inLanguage":"en-GB"},{"@type":"Organization","@id":"https:\/\/gipfelgold.janlucash.com\/#organization","name":"Gipfelgold","url":"https:\/\/gipfelgold.janlucash.com\/","logo":{"@type":"ImageObject","inLanguage":"en-GB","@id":"https:\/\/gipfelgold.janlucash.com\/#\/schema\/logo\/image\/","url":"https:\/\/gipfelgold.janlucash.com\/wp-content\/uploads\/2024\/06\/logo-gipfelgold-header.png","contentUrl":"https:\/\/gipfelgold.janlucash.com\/wp-content\/uploads\/2024\/06\/logo-gipfelgold-header.png","width":1080,"height":1080,"caption":"Gipfelgold"},"image":{"@id":"https:\/\/gipfelgold.janlucash.com\/#\/schema\/logo\/image\/"}}]}},"_links":{"self":[{"href":"https:\/\/gipfelgold.janlucash.com\/en\/wp-json\/wp\/v2\/pages\/4494","targetHints":{"allow":["GET"]}}],"collection":[{"href":"https:\/\/gipfelgold.janlucash.com\/en\/wp-json\/wp\/v2\/pages"}],"about":[{"href":"https:\/\/gipfelgold.janlucash.com\/en\/wp-json\/wp\/v2\/types\/page"}],"author":[{"embeddable":true,"href":"https:\/\/gipfelgold.janlucash.com\/en\/wp-json\/wp\/v2\/users\/2"}],"replies":[{"embeddable":true,"href":"https:\/\/gipfelgold.janlucash.com\/en\/wp-json\/wp\/v2\/comments?post=4494"}],"version-history":[{"count":10,"href":"https:\/\/gipfelgold.janlucash.com\/en\/wp-json\/wp\/v2\/pages\/4494\/revisions"}],"predecessor-version":[{"id":4598,"href":"https:\/\/gipfelgold.janlucash.com\/en\/wp-json\/wp\/v2\/pages\/4494\/revisions\/4598"}],"wp:attachment":[{"href":"https:\/\/gipfelgold.janlucash.com\/en\/wp-json\/wp\/v2\/media?parent=4494"}],"curies":[{"name":"wp","href":"https:\/\/api.w.org\/{rel}","templated":true}]}}