{"id":3,"date":"2024-06-24T07:39:39","date_gmt":"2024-06-24T07:39:39","guid":{"rendered":"https:\/\/gipfelgold.janlucash.com\/?page_id=3"},"modified":"2024-12-05T11:28:01","modified_gmt":"2024-12-05T11:28:01","slug":"datenschutz","status":"publish","type":"page","link":"https:\/\/gipfelgold.janlucash.com\/en\/datenschutz\/","title":{"rendered":"Data protection"},"content":{"rendered":"<div data-elementor-type=\"wp-page\" data-elementor-id=\"3\" class=\"elementor elementor-3\">\n\t\t\t\t<div class=\"elementor-element elementor-element-483de416 e-flex e-con-boxed e-con e-parent\" data-id=\"483de416\" data-element_type=\"container\">\n\t\t\t\t\t<div class=\"e-con-inner\">\n\t\t\t\t<div class=\"elementor-element elementor-element-18e01f2b elementor-widget elementor-widget-text-editor\" data-id=\"18e01f2b\" data-element_type=\"widget\" data-widget_type=\"text-editor.default\">\n\t\t\t\t<div class=\"elementor-widget-container\">\n\t\t\t\t\t\t\t<p>With this privacy policy, we would like to provide you (i.e. as a user, interested party and\/or visitor) with information on the type, scope and purposes of the processing of personal data via our online presence. The current version of the privacy policy can be accessed at https:\/\/gipfelgold.net\/datenschutz and printed out if required.<\/p><p><strong>I. Responsible Party<\/strong><br \/>GIPFELGOLD WERBEAGENTUR GMBH<br \/>Herwarthstrasse 36<br \/>53115 Bonn<br \/>Telephone: +49 [0] 228 9 65 91 31<br \/>Email: info(at)gipfelgold.de<\/p><p>\u00a0<\/p><p><strong>II. Collection\/Storage of Personal Data\/Type and Purpose of Use<\/strong><br \/>1. Website Visit\/Access<br \/>When you visit this website, information is automatically sent to the server where our website is hosted through the browser (i.e., the respective internet browser) on your device (e.g., computer, tablet, smartphone, etc.). This information is temporarily stored in a so-called log file.<br \/>The following information is collected:<br \/>\u2022 IP address of the requesting computer (pseudonymised)<br \/>\u2022 Date and time of access,<br \/>\u2022 Name and URL of the retrieved file,<br \/>\u2022 Website from which access is made (referrer URL),<br \/>\u2022 Browser used and, where applicable, the operating system of your computer, as well as the name of your access provider.<br \/>This information is collected automatically without your involvement and stored until it is deleted automatically. The data mentioned is processed by us to ensure a smooth connection setup and comfortable use of our website, to evaluate system security and stability, as well as for administrative purposes.<br \/>Der Datenverarbeitung liegt damit ein berechtigtes Interesse unsererseits zugrunde\u2028(Rechtsgrundlage: Art. 6 Abs. 1 Satz 1 lit. f DSGVO), welches aus den zuvor benannten Zwecken der Datenerhebung folgt. Wir verwenden die erhobenen Daten nicht zu dem Zweck, R\u00fcckschl\u00fcsse auf Ihre Person zu erhalten.<br \/>2. Contacting us<br \/>If you contact us (e.g., via email, phone, or online contact form), your information will be processed by us to handle your inquiry and its processing. The processing is based on Art. 6 para. 1 lit. b) GDPR. Your details will be stored electronically and deleted once they are no longer required. A review of the data storage will occur at least in accordance with legal (and professional) archiving obligations.<\/p><p>\u00a0<\/p><p><strong>III. Disclosure of Personal Data to Third Parties<\/strong><br \/>We only disclose personal data to third parties \u2013 regardless of the other information in this privacy policy \u2013 in the following cases and for the following purposes:<br \/>You have given your consent for this, Art. 6 para. 1 sentence 1 lit. a GDPR.\nThe disclosure is necessary for the performance or execution of a contract with you or to take pre-contractual measures at your request, Art. 6 para. 1 sentence 1 lit. b GDPR.\nThe disclosure is necessary to protect vital interests of the data subject or another natural person, Art. 6 para. 1 sentence 1 lit. d GDPR.\nThe disclosure is required under Art. 6 para. 1 sentence 1 lit. f GDPR for the establishment, exercise, or defence of legal claims, and there is no reason to believe that you have a prevailing legitimate interest in not disclosing your data.\nWe have a legitimate interest in the disclosure as per Art. 6 para. 1 sentence 1 lit. f GDPR.\nThere is a legal obligation for the disclosure under Art. 6 para. 1 sentence 1 lit. c GDPR.<\/p><p>\u00a0<\/p><p><strong>IV. Cookies<\/strong><br \/>Cookies may be used on our website. Cookies are small files automatically created by your browser or internet access program and stored on your device (laptop, tablet, smartphone, etc.) when you visit our site. Cookies do not contain viruses, trojans, or malicious software. A cookie stores information that is related to the specific device you are using. By setting a cookie, we do not gain direct knowledge of your identity.<br \/>The use of cookies on this website serves, on one hand, to make your experience more enjoyable. So-called session cookies may be used to recognize that you have already visited certain pages of our website. These are automatically deleted when you leave our site.<br \/>On the other hand, we use temporary cookies to optimize user-friendliness. These cookies are stored on your device for a certain period. If you visit our site again to use the offered services, it will be automatically recognized that you have already been with us and, for example, what inputs and settings you have made, so you don\u2019t have to enter them again.<br \/>Furthermore, cookies may be used to statistically track the use of our website and evaluate this data for the purpose of optimizing our offerings (see the explanations under V.). These cookies enable us to automatically recognize that you have already visited our site on a return visit. These cookies are also automatically deleted after a defined period of time.<br \/>The data processed by cookies is necessary for the aforementioned purposes to protect our legitimate interests as well as those of third parties (legal basis: Art. 6 para. 1 sentence 1 lit. f GDPR).<br \/>Preventing cookie storage: Most browsers automatically accept cookies. However, you can configure your browser to prevent cookies from being stored on your computer, or to display a prompt before a new cookie is set. Disabling cookies completely may, however, result in some features of our website not being available to you. Information on the relevant settings can be found in the documentation of the internet access software (browser) you are using.<\/p><p>\u00a0<\/p><p><strong>V. External Resources\/Services<\/strong><br \/>We may incorporate third-party resources and services to design, implement, and display certain content on our website (this includes, for example, program and code libraries as well as third-party content such as fonts, maps, videos, etc.).<br \/>It is technically necessary and\/or intended that your IP address (which addresses access to our website) is forwarded to the server of such a provider. We strive to keep such access and the use of external resources to a minimum and avoid them whenever possible. However, this is not always proportionally feasible. The use of such resources and services represents a legitimate interest for us; specifically, in providing the relevant services and content for the need- and interest-appropriate operation of this website and delivering the desired content and information as part of our online presence (legal basis: Art. 6 para. 1 sentence 1 lit. f GDPR).<\/p><p>\u00a0<\/p><p><strong>VI. Data Subject Rights<\/strong><br \/>As a data subject, you have the following rights:<br \/>According to Art. 15 GDPR, you have the right to request information about your personal data processed by us. In particular, you can request information about the purposes of processing, the categories of personal data, the categories of recipients to whom your data has been or will be disclosed, the planned retention period, the existence of the right to rectification, erasure, restriction of processing, or objection, the existence of a right to lodge a complaint, the origin of your data, if it was not collected by us, as well as the existence of automated decision-making, including profiling, and, if applicable, meaningful information about the details of such processes.\nAccording to Art. 16 GDPR, you have the right to request the immediate correction of inaccurate or incomplete personal data stored by us.\nAccording to Art. 17 GDPR, you can request the deletion of your personal data stored by us, unless the processing is necessary for the exercise of the right to freedom of expression and information, to fulfil a legal obligation, for reasons of public interest, or for the establishment, exercise, or defence of legal claims.\nAccording to Art. 18 GDPR, you can request the restriction of the processing of your personal data if the accuracy of the data is contested by you, the processing is unlawful, but you oppose its deletion, and we no longer require the data, but you need it for the establishment, exercise, or defence of legal claims, or you have objected to the processing according to Art. 21 GDPR.\nAccording to Art. 20 GDPR, you have the right to receive your personal data, which you have provided to us, in a structured, commonly used, and machine-readable format or to request the transmission to another data controller.<br \/>According to Art. 77 GDPR, you have the right to lodge a complaint with a supervisory authority. Typically, you can contact the supervisory authority of your usual place of residence, workplace, or our office (in our case, the State Commissioner for Data Protection and Freedom of Information of North Rhine-Westphalia, Kavalleriestr. 2-4, 40213 D\u00fcsseldorf, phone: 0211\/38424-0, fax: 0211\/38424-10, poststelle@ldi.nrw.de).<\/p><p>\u00a0<\/p><p><strong>VII. Newsletter<\/strong><\/p><p><em>Newsletter data<\/em><br \/>If you would like to receive the newsletter offered on the website, we require an email address from you, as well as information that allows us to verify that you are the owner of the provided email address and that you consent to receiving the newsletter. No further data will be collected, or only on a voluntary basis. For the processing of the newsletter, we use newsletter service providers, which are described below.<\/p><p><em>Rapidmail<\/em><br \/>This website uses Rapidmail for sending newsletters. The provider is <br \/>rapidmail GmbH, Wentzingerstra\u00dfe 21, 79106 Freiburg im Breisgau, Germany.<br \/>Rapidmail is a service that, among other things, allows for the organization and analysis of newsletter dispatch.<\/p><p><em>Legal basis<\/em><br \/>The data processing is carried out based on your consent (Art. 6 para. 1 lit. a GDPR). You can withdraw this consent at any time. The lawfulness of the data processing activities carried out prior to the withdrawal remains unaffected.<\/p><p><em>Storage duration<\/em><br \/>The data you have provided for the purpose of receiving the newsletter will be stored by us until you unsubscribe from the newsletter, either with us or the newsletter service provider, and will be deleted from the newsletter distribution list after unsubscribing. Data stored for other purposes with us will remain unaffected by this.<br \/>After you unsubscribe from the newsletter distribution list, your email address may be stored in a blacklist by us or the newsletter service provider, if necessary, to prevent future mailings. The data in the blacklist will only be used for this purpose and will not be merged with other data. This serves both your interest and our interest in complying with legal requirements when sending newsletters (legitimate interest under Art. 6 para. 1 lit. f GDPR). The storage in the blacklist is not time-limited. You can object to the storage if your interests outweigh our legitimate interest.<br \/>For more details, please refer to the privacy policy of Rapidmail at: https:\/\/www.rapidmail.de\/datenschutz-kundenbereich<\/p><p><em>Data Processing Agreement<\/em><br \/>We have entered into a Data Processing Agreement (DPA) for the use of the aforementioned service. This is a contract required by data protection law, which ensures that the service provider processes the personal data of our website visitors only in accordance with our instructions and in compliance with the GDPR.<\/p><p>\u00a0<\/p><p><strong>VIII. Right of Withdrawal<\/strong><br \/>If you have given your consent for data processing, you can withdraw it at any time in accordance with Art. 7 para. 3 GDPR. The data processing that was based on this consent must then no longer be continued by us in the future.<\/p><p>\u00a0<\/p><p><strong>IX. Right to Object<\/strong><br \/>If your personal data is processed based on legitimate interests in accordance with Art. 6 para. 1 sentence 1 lit. f GDPR, you have the right to object to the processing of your personal data in accordance with Art. 21 GDPR, provided that there are reasons arising from your particular situation or if the objection is directed against direct marketing. In the case of direct marketing, you have a general right to object, which will be implemented by us without the need for you to provide a specific situation.<br \/>If you wish to exercise your data subject rights (6) and\/or your right of withdrawal and\/or objection (7 and 8), an email to info@gipfelgold.net is sufficient.\nOther contact options can be found above in point 1 of this statement.<\/p><p>\u00a0<\/p><p><strong>X. Data Security<\/strong><br \/>For our website, we use the widely used SSL (Secure Socket Layer) method in conjunction with the highest level of encryption supported by your browser (internet access program). Typically, this is 256-bit encryption (if your browser does not support 256-bit encryption, 128-bit v3 technology will be used). You can recognize that a visit or page request is encrypted by the key or lock symbol in the status bar of your browser (further information can usually be found in the documentation of your respective browser software).<br \/>In addition, we employ possible and reasonable technical and organisational security measures to protect your data from accidental or intentional manipulation,<br \/>partial or complete loss, destruction, or unauthorised access by third parties. Our security measures are continuously improved in accordance with technological developments, as far as possible and reasonable. We have a data processing agreement (Art. 28 GDPR) with our web hosting service provider.<\/p><p>Date of this privacy policy: 5 December 2024<\/p>\t\t\t\t\t\t<\/div>\n\t\t\t\t<\/div>\n\t\t\t\t\t<\/div>\n\t\t\t\t<\/div>\n\t\t<div class=\"elementor-element elementor-element-af9b572 e-flex e-con-boxed e-con e-parent\" data-id=\"af9b572\" data-element_type=\"container\">\n\t\t\t\t\t<div class=\"e-con-inner\">\n\t\t\t\t\t<\/div>\n\t\t\t\t<\/div>\n\t\t\t\t<\/div>","protected":false},"excerpt":{"rendered":"<p>Mit dieser Datenschutzerkl\u00e4rung m\u00f6chten wir Ihnen (d.h. als Nutzer, Interessent und\/oder\u2028Besucher) Informationen zu Art, Umfang und Zwecken der Verarbeitung von\u2028personenbezogenen Daten \u00fcber unsere Onlinepr\u00e4senz geben. Die jeweils aktuelle Version der Datenschutzerkl\u00e4rung kann unter https:\/\/gipfelgold.net\/datenschutz abgerufen und im\u2028Bedarfsfall ausgedruckt werden. I. VerantwortlicherGIPFELGOLD WERBEAGENTUR GMBHHerwarthstrasse 36\u202853115 Bonn\u2028Telefon +49 [0] 228 9 65 91 31\u2028E-Mail: info(at)gipfelgold.de \u00a0 II. [&hellip;]<\/p>","protected":false},"author":1,"featured_media":0,"parent":0,"menu_order":0,"comment_status":"closed","ping_status":"open","template":"","meta":{"ocean_post_layout":"full-screen","ocean_both_sidebars_style":"","ocean_both_sidebars_content_width":0,"ocean_both_sidebars_sidebars_width":0,"ocean_sidebar":"","ocean_second_sidebar":"","ocean_disable_margins":"enable","ocean_add_body_class":"","ocean_shortcode_before_top_bar":"","ocean_shortcode_after_top_bar":"","ocean_shortcode_before_header":"","ocean_shortcode_after_header":"","ocean_has_shortcode":"","ocean_shortcode_after_title":"","ocean_shortcode_before_footer_widgets":"","ocean_shortcode_after_footer_widgets":"","ocean_shortcode_before_footer_bottom":"","ocean_shortcode_after_footer_bottom":"","ocean_display_top_bar":"default","ocean_display_header":"default","ocean_header_style":"","ocean_center_header_left_menu":"","ocean_custom_header_template":"","ocean_custom_logo":0,"ocean_custom_retina_logo":0,"ocean_custom_logo_max_width":0,"ocean_custom_logo_tablet_max_width":0,"ocean_custom_logo_mobile_max_width":0,"ocean_custom_logo_max_height":0,"ocean_custom_logo_tablet_max_height":0,"ocean_custom_logo_mobile_max_height":0,"ocean_header_custom_menu":"","ocean_menu_typo_font_family":"","ocean_menu_typo_font_subset":"","ocean_menu_typo_font_size":0,"ocean_menu_typo_font_size_tablet":0,"ocean_menu_typo_font_size_mobile":0,"ocean_menu_typo_font_size_unit":"px","ocean_menu_typo_font_weight":"","ocean_menu_typo_font_weight_tablet":"","ocean_menu_typo_font_weight_mobile":"","ocean_menu_typo_transform":"","ocean_menu_typo_transform_tablet":"","ocean_menu_typo_transform_mobile":"","ocean_menu_typo_line_height":0,"ocean_menu_typo_line_height_tablet":0,"ocean_menu_typo_line_height_mobile":0,"ocean_menu_typo_line_height_unit":"","ocean_menu_typo_spacing":0,"ocean_menu_typo_spacing_tablet":0,"ocean_menu_typo_spacing_mobile":0,"ocean_menu_typo_spacing_unit":"","ocean_menu_link_color":"","ocean_menu_link_color_hover":"","ocean_menu_link_color_active":"","ocean_menu_link_background":"","ocean_menu_link_hover_background":"","ocean_menu_link_active_background":"","ocean_menu_social_links_bg":"","ocean_menu_social_hover_links_bg":"","ocean_menu_social_links_color":"","ocean_menu_social_hover_links_color":"","ocean_disable_title":"default","ocean_disable_heading":"default","ocean_post_title":"","ocean_post_subheading":"","ocean_post_title_style":"","ocean_post_title_background_color":"","ocean_post_title_background":0,"ocean_post_title_bg_image_position":"","ocean_post_title_bg_image_attachment":"","ocean_post_title_bg_image_repeat":"","ocean_post_title_bg_image_size":"","ocean_post_title_height":0,"ocean_post_title_bg_overlay":0.5,"ocean_post_title_bg_overlay_color":"","ocean_disable_breadcrumbs":"default","ocean_breadcrumbs_color":"","ocean_breadcrumbs_separator_color":"","ocean_breadcrumbs_links_color":"","ocean_breadcrumbs_links_hover_color":"","ocean_display_footer_widgets":"default","ocean_display_footer_bottom":"default","ocean_custom_footer_template":"","footnotes":""},"class_list":["post-3","page","type-page","status-publish","hentry","entry","owp-thumbs-layout-horizontal","owp-btn-normal","owp-tabs-layout-horizontal","has-no-thumbnails"],"yoast_head":"<!-- This site is optimized with the Yoast SEO plugin v24.4 - https:\/\/yoast.com\/wordpress\/plugins\/seo\/ -->\n<title>Datenschutz - Gipfelgold<\/title>\n<meta name=\"robots\" content=\"index, follow, max-snippet:-1, max-image-preview:large, max-video-preview:-1\" \/>\n<link rel=\"canonical\" href=\"https:\/\/gipfelgold.janlucash.com\/en\/datenschutz\/\" \/>\n<meta property=\"og:locale\" content=\"en_GB\" \/>\n<meta property=\"og:type\" content=\"article\" \/>\n<meta property=\"og:title\" content=\"Datenschutz - Gipfelgold\" \/>\n<meta property=\"og:description\" content=\"Mit dieser Datenschutzerkl\u00e4rung m\u00f6chten wir Ihnen (d.h. als Nutzer, Interessent und\/oder\u2028Besucher) Informationen zu Art, Umfang und Zwecken der Verarbeitung von\u2028personenbezogenen Daten \u00fcber unsere Onlinepr\u00e4senz geben. Die jeweils aktuelle Version der Datenschutzerkl\u00e4rung kann unter https:\/\/gipfelgold.net\/datenschutz abgerufen und im\u2028Bedarfsfall ausgedruckt werden. I. VerantwortlicherGIPFELGOLD WERBEAGENTUR GMBHHerwarthstrasse 36\u202853115 Bonn\u2028Telefon +49 [0] 228 9 65 91 31\u2028E-Mail: info(at)gipfelgold.de \u00a0 II. [&hellip;]\" \/>\n<meta property=\"og:url\" content=\"https:\/\/gipfelgold.janlucash.com\/en\/datenschutz\/\" \/>\n<meta property=\"og:site_name\" content=\"Gipfelgold\" \/>\n<meta property=\"article:modified_time\" content=\"2024-12-05T11:28:01+00:00\" \/>\n<meta name=\"twitter:card\" content=\"summary_large_image\" \/>\n<meta name=\"twitter:label1\" content=\"Estimated reading time\" \/>\n\t<meta name=\"twitter:data1\" content=\"10 minutes\" \/>\n<script type=\"application\/ld+json\" class=\"yoast-schema-graph\">{\"@context\":\"https:\/\/schema.org\",\"@graph\":[{\"@type\":\"WebPage\",\"@id\":\"https:\/\/gipfelgold.janlucash.com\/datenschutz\/\",\"url\":\"https:\/\/gipfelgold.janlucash.com\/datenschutz\/\",\"name\":\"Datenschutz - Gipfelgold\",\"isPartOf\":{\"@id\":\"https:\/\/gipfelgold.janlucash.com\/#website\"},\"datePublished\":\"2024-06-24T07:39:39+00:00\",\"dateModified\":\"2024-12-05T11:28:01+00:00\",\"breadcrumb\":{\"@id\":\"https:\/\/gipfelgold.janlucash.com\/datenschutz\/#breadcrumb\"},\"inLanguage\":\"en-GB\",\"potentialAction\":[{\"@type\":\"ReadAction\",\"target\":[\"https:\/\/gipfelgold.janlucash.com\/datenschutz\/\"]}]},{\"@type\":\"BreadcrumbList\",\"@id\":\"https:\/\/gipfelgold.janlucash.com\/datenschutz\/#breadcrumb\",\"itemListElement\":[{\"@type\":\"ListItem\",\"position\":1,\"name\":\"Startseite\",\"item\":\"https:\/\/gipfelgold.janlucash.com\/\"},{\"@type\":\"ListItem\",\"position\":2,\"name\":\"Datenschutz\"}]},{\"@type\":\"WebSite\",\"@id\":\"https:\/\/gipfelgold.janlucash.com\/#website\",\"url\":\"https:\/\/gipfelgold.janlucash.com\/\",\"name\":\"Gipfelgold\",\"description\":\"Design- und Markenagentur - Gipfelgold Branding und Kreation in Bonn\",\"publisher\":{\"@id\":\"https:\/\/gipfelgold.janlucash.com\/#organization\"},\"potentialAction\":[{\"@type\":\"SearchAction\",\"target\":{\"@type\":\"EntryPoint\",\"urlTemplate\":\"https:\/\/gipfelgold.janlucash.com\/?s={search_term_string}\"},\"query-input\":{\"@type\":\"PropertyValueSpecification\",\"valueRequired\":true,\"valueName\":\"search_term_string\"}}],\"inLanguage\":\"en-GB\"},{\"@type\":\"Organization\",\"@id\":\"https:\/\/gipfelgold.janlucash.com\/#organization\",\"name\":\"Gipfelgold\",\"url\":\"https:\/\/gipfelgold.janlucash.com\/\",\"logo\":{\"@type\":\"ImageObject\",\"inLanguage\":\"en-GB\",\"@id\":\"https:\/\/gipfelgold.janlucash.com\/#\/schema\/logo\/image\/\",\"url\":\"https:\/\/gipfelgold.janlucash.com\/wp-content\/uploads\/2024\/06\/logo-gipfelgold-header.png\",\"contentUrl\":\"https:\/\/gipfelgold.janlucash.com\/wp-content\/uploads\/2024\/06\/logo-gipfelgold-header.png\",\"width\":1080,\"height\":1080,\"caption\":\"Gipfelgold\"},\"image\":{\"@id\":\"https:\/\/gipfelgold.janlucash.com\/#\/schema\/logo\/image\/\"}}]}<\/script>\n<!-- \/ Yoast SEO plugin. -->","yoast_head_json":{"title":"Datenschutz - Gipfelgold","robots":{"index":"index","follow":"follow","max-snippet":"max-snippet:-1","max-image-preview":"max-image-preview:large","max-video-preview":"max-video-preview:-1"},"canonical":"https:\/\/gipfelgold.janlucash.com\/en\/datenschutz\/","og_locale":"en_GB","og_type":"article","og_title":"Datenschutz - Gipfelgold","og_description":"Mit dieser Datenschutzerkl\u00e4rung m\u00f6chten wir Ihnen (d.h. als Nutzer, Interessent und\/oder\u2028Besucher) Informationen zu Art, Umfang und Zwecken der Verarbeitung von\u2028personenbezogenen Daten \u00fcber unsere Onlinepr\u00e4senz geben. Die jeweils aktuelle Version der Datenschutzerkl\u00e4rung kann unter https:\/\/gipfelgold.net\/datenschutz abgerufen und im\u2028Bedarfsfall ausgedruckt werden. I. VerantwortlicherGIPFELGOLD WERBEAGENTUR GMBHHerwarthstrasse 36\u202853115 Bonn\u2028Telefon +49 [0] 228 9 65 91 31\u2028E-Mail: info(at)gipfelgold.de \u00a0 II. [&hellip;]","og_url":"https:\/\/gipfelgold.janlucash.com\/en\/datenschutz\/","og_site_name":"Gipfelgold","article_modified_time":"2024-12-05T11:28:01+00:00","twitter_card":"summary_large_image","twitter_misc":{"Estimated reading time":"10 minutes"},"schema":{"@context":"https:\/\/schema.org","@graph":[{"@type":"WebPage","@id":"https:\/\/gipfelgold.janlucash.com\/datenschutz\/","url":"https:\/\/gipfelgold.janlucash.com\/datenschutz\/","name":"Datenschutz - Gipfelgold","isPartOf":{"@id":"https:\/\/gipfelgold.janlucash.com\/#website"},"datePublished":"2024-06-24T07:39:39+00:00","dateModified":"2024-12-05T11:28:01+00:00","breadcrumb":{"@id":"https:\/\/gipfelgold.janlucash.com\/datenschutz\/#breadcrumb"},"inLanguage":"en-GB","potentialAction":[{"@type":"ReadAction","target":["https:\/\/gipfelgold.janlucash.com\/datenschutz\/"]}]},{"@type":"BreadcrumbList","@id":"https:\/\/gipfelgold.janlucash.com\/datenschutz\/#breadcrumb","itemListElement":[{"@type":"ListItem","position":1,"name":"Startseite","item":"https:\/\/gipfelgold.janlucash.com\/"},{"@type":"ListItem","position":2,"name":"Datenschutz"}]},{"@type":"WebSite","@id":"https:\/\/gipfelgold.janlucash.com\/#website","url":"https:\/\/gipfelgold.janlucash.com\/","name":"Gipfelgold","description":"Design- und Markenagentur - Gipfelgold Branding und Kreation in Bonn","publisher":{"@id":"https:\/\/gipfelgold.janlucash.com\/#organization"},"potentialAction":[{"@type":"SearchAction","target":{"@type":"EntryPoint","urlTemplate":"https:\/\/gipfelgold.janlucash.com\/?s={search_term_string}"},"query-input":{"@type":"PropertyValueSpecification","valueRequired":true,"valueName":"search_term_string"}}],"inLanguage":"en-GB"},{"@type":"Organization","@id":"https:\/\/gipfelgold.janlucash.com\/#organization","name":"Gipfelgold","url":"https:\/\/gipfelgold.janlucash.com\/","logo":{"@type":"ImageObject","inLanguage":"en-GB","@id":"https:\/\/gipfelgold.janlucash.com\/#\/schema\/logo\/image\/","url":"https:\/\/gipfelgold.janlucash.com\/wp-content\/uploads\/2024\/06\/logo-gipfelgold-header.png","contentUrl":"https:\/\/gipfelgold.janlucash.com\/wp-content\/uploads\/2024\/06\/logo-gipfelgold-header.png","width":1080,"height":1080,"caption":"Gipfelgold"},"image":{"@id":"https:\/\/gipfelgold.janlucash.com\/#\/schema\/logo\/image\/"}}]}},"_links":{"self":[{"href":"https:\/\/gipfelgold.janlucash.com\/en\/wp-json\/wp\/v2\/pages\/3","targetHints":{"allow":["GET"]}}],"collection":[{"href":"https:\/\/gipfelgold.janlucash.com\/en\/wp-json\/wp\/v2\/pages"}],"about":[{"href":"https:\/\/gipfelgold.janlucash.com\/en\/wp-json\/wp\/v2\/types\/page"}],"author":[{"embeddable":true,"href":"https:\/\/gipfelgold.janlucash.com\/en\/wp-json\/wp\/v2\/users\/1"}],"replies":[{"embeddable":true,"href":"https:\/\/gipfelgold.janlucash.com\/en\/wp-json\/wp\/v2\/comments?post=3"}],"version-history":[{"count":17,"href":"https:\/\/gipfelgold.janlucash.com\/en\/wp-json\/wp\/v2\/pages\/3\/revisions"}],"predecessor-version":[{"id":5260,"href":"https:\/\/gipfelgold.janlucash.com\/en\/wp-json\/wp\/v2\/pages\/3\/revisions\/5260"}],"wp:attachment":[{"href":"https:\/\/gipfelgold.janlucash.com\/en\/wp-json\/wp\/v2\/media?parent=3"}],"curies":[{"name":"wp","href":"https:\/\/api.w.org\/{rel}","templated":true}]}}